{"id":258,"date":"2013-03-07T21:13:07","date_gmt":"2013-03-07T21:13:07","guid":{"rendered":"http:\/\/apartmani-mija.com\/?page_id=258"},"modified":"2020-02-14T14:05:15","modified_gmt":"2020-02-14T14:05:15","slug":"uber-uns","status":"publish","type":"page","link":"https:\/\/apartmani-mija.com\/de\/uber-uns\/","title":{"rendered":"\u00dcber uns"},"content":{"rendered":"<p>Gelegen auf der Insel Brac, in dem bekannten Ferienort Bol, erscheint das Haus Petojevic ideal f\u00fcr Ihren Urlaub. Typisch f\u00fcr die Inselarchitektur ist das Haus mit dem ber\u00fchmten wei\u00dfen Stein der Insel Brac erbaut und ist ruhig gelegen im \u00f6stlichen Teil Bols. In wenigen Gehminuten sind die drei sch\u00f6nen Kiesstr\u00e4nde in der N\u00e4he des Dominikanerklosters erreicht.<\/p>\n<p>Die Apartments bieten zum Teil einen wunderbaren freien Blick auf das Meer und die Nachbarinsel Hvar.<\/p>\n<p><strong>Apartments<\/strong><\/p>\n<p>Anzubieten haben wir acht Apartments in verschiedenen Gr\u00f6\u00dfen und Kapazit\u00e4ten. Alle Wohnungen sind komplett ausgestattet mit modernen Einrichtungen, jeweils mit eigener Terrasse und separatem Eingang, Klimaanlage, SAT-TV und Zugang zum Internet.<\/p>\n<p>Im Haus befindet sich ein Kamin (Grill), der unseren G\u00e4sten w\u00e4hrend ihres Aufenthaltes zur Verf\u00fcgung steht.<\/p>\n<p>Details zu den einzelnen Apartments (Fotos und Preisliste) finden Sie unter \u201eApartments und Preise\u201c.<\/p>\n<p>Ein Parkplatz f\u00fcr unsere G\u00e4ste befindet sich dem Haus gegen\u00fcber.<\/p>\n<p>.<\/p>\n<p>&nbsp;<\/p>\n<p>Wir freuen uns auf Ihren Besuch.<\/p>\n<h2>Familie Petojevi\u0107<\/h2>\n<h2>&nbsp;<\/h2>\n","protected":false},"excerpt":{"rendered":"<p>Gelegen auf der Insel Brac, in dem bekannten Ferienort Bol, erscheint das Haus Petojevic ideal f\u00fcr Ihren Urlaub. Typisch f\u00fcr die Inselarchitektur ist das Haus mit dem ber\u00fchmten wei\u00dfen Stein der Insel Brac erbaut und ist ruhig gelegen im \u00f6stlichen Teil Bols. In wenigen Gehminuten sind die drei sch\u00f6nen Kiesstr\u00e4nde in der N\u00e4he des Dominikanerklosters [&hellip;]<\/p>\n","protected":false},"author":1,"featured_media":0,"parent":0,"menu_order":3,"comment_status":"open","ping_status":"open","template":"about.php","meta":{"ngg_post_thumbnail":0,"footnotes":""},"yoast_head":"<!-- This site is optimized with the Yoast SEO plugin v21.9.1 - https:\/\/yoast.com\/wordpress\/plugins\/seo\/ -->\n<title>\u00dcber uns - Apartmani Mija<\/title>\n<meta name=\"robots\" content=\"index, follow, max-snippet:-1, max-image-preview:large, max-video-preview:-1\" \/>\n<link rel=\"canonical\" href=\"https:\/\/apartmani-mija.com\/de\/uber-uns\/\" \/>\n<meta property=\"og:locale\" content=\"de_DE\" \/>\n<meta property=\"og:type\" content=\"article\" \/>\n<meta property=\"og:title\" content=\"\u00dcber uns - Apartmani Mija\" \/>\n<meta property=\"og:description\" content=\"Gelegen auf der Insel Brac, in dem bekannten Ferienort Bol, erscheint das Haus Petojevic ideal f\u00fcr Ihren Urlaub. Typisch f\u00fcr die Inselarchitektur ist das Haus mit dem ber\u00fchmten wei\u00dfen Stein der Insel Brac erbaut und ist ruhig gelegen im \u00f6stlichen Teil Bols. In wenigen Gehminuten sind die drei sch\u00f6nen Kiesstr\u00e4nde in der N\u00e4he des Dominikanerklosters [&hellip;]\" \/>\n<meta property=\"og:url\" content=\"https:\/\/apartmani-mija.com\/de\/uber-uns\/\" \/>\n<meta property=\"og:site_name\" content=\"Apartmani Mija\" \/>\n<meta property=\"article:modified_time\" content=\"2020-02-14T14:05:15+00:00\" \/>\n<meta name=\"twitter:label1\" content=\"Gesch\u00e4tzte Lesezeit\" \/>\n\t<meta name=\"twitter:data1\" content=\"1\u00a0Minute\" \/>\n<script type=\"application\/ld+json\" class=\"yoast-schema-graph\">{\"@context\":\"https:\/\/schema.org\",\"@graph\":[{\"@type\":\"WebPage\",\"@id\":\"https:\/\/apartmani-mija.com\/de\/uber-uns\/\",\"url\":\"https:\/\/apartmani-mija.com\/de\/uber-uns\/\",\"name\":\"\u00dcber uns - Apartmani Mija\",\"isPartOf\":{\"@id\":\"https:\/\/apartmani-mija.com\/#website\"},\"datePublished\":\"2013-03-07T21:13:07+00:00\",\"dateModified\":\"2020-02-14T14:05:15+00:00\",\"breadcrumb\":{\"@id\":\"https:\/\/apartmani-mija.com\/de\/uber-uns\/#breadcrumb\"},\"inLanguage\":\"de\",\"potentialAction\":[{\"@type\":\"ReadAction\",\"target\":[\"https:\/\/apartmani-mija.com\/de\/uber-uns\/\"]}]},{\"@type\":\"BreadcrumbList\",\"@id\":\"https:\/\/apartmani-mija.com\/de\/uber-uns\/#breadcrumb\",\"itemListElement\":[{\"@type\":\"ListItem\",\"position\":1,\"name\":\"Home\",\"item\":\"https:\/\/apartmani-mija.com\/de\/\"},{\"@type\":\"ListItem\",\"position\":2,\"name\":\"\u00dcber uns\"}]},{\"@type\":\"WebSite\",\"@id\":\"https:\/\/apartmani-mija.com\/#website\",\"url\":\"https:\/\/apartmani-mija.com\/\",\"name\":\"Apartmani Mija\",\"description\":\"Bol Insel Bra\u010d\",\"potentialAction\":[{\"@type\":\"SearchAction\",\"target\":{\"@type\":\"EntryPoint\",\"urlTemplate\":\"https:\/\/apartmani-mija.com\/?s={search_term_string}\"},\"query-input\":\"required name=search_term_string\"}],\"inLanguage\":\"de\"}]}<\/script>\n<!-- \/ Yoast SEO plugin. -->","yoast_head_json":{"title":"\u00dcber uns - Apartmani Mija","robots":{"index":"index","follow":"follow","max-snippet":"max-snippet:-1","max-image-preview":"max-image-preview:large","max-video-preview":"max-video-preview:-1"},"canonical":"https:\/\/apartmani-mija.com\/de\/uber-uns\/","og_locale":"de_DE","og_type":"article","og_title":"\u00dcber uns - Apartmani Mija","og_description":"Gelegen auf der Insel Brac, in dem bekannten Ferienort Bol, erscheint das Haus Petojevic ideal f\u00fcr Ihren Urlaub. Typisch f\u00fcr die Inselarchitektur ist das Haus mit dem ber\u00fchmten wei\u00dfen Stein der Insel Brac erbaut und ist ruhig gelegen im \u00f6stlichen Teil Bols. In wenigen Gehminuten sind die drei sch\u00f6nen Kiesstr\u00e4nde in der N\u00e4he des Dominikanerklosters [&hellip;]","og_url":"https:\/\/apartmani-mija.com\/de\/uber-uns\/","og_site_name":"Apartmani Mija","article_modified_time":"2020-02-14T14:05:15+00:00","twitter_misc":{"Gesch\u00e4tzte Lesezeit":"1\u00a0Minute"},"schema":{"@context":"https:\/\/schema.org","@graph":[{"@type":"WebPage","@id":"https:\/\/apartmani-mija.com\/de\/uber-uns\/","url":"https:\/\/apartmani-mija.com\/de\/uber-uns\/","name":"\u00dcber uns - Apartmani Mija","isPartOf":{"@id":"https:\/\/apartmani-mija.com\/#website"},"datePublished":"2013-03-07T21:13:07+00:00","dateModified":"2020-02-14T14:05:15+00:00","breadcrumb":{"@id":"https:\/\/apartmani-mija.com\/de\/uber-uns\/#breadcrumb"},"inLanguage":"de","potentialAction":[{"@type":"ReadAction","target":["https:\/\/apartmani-mija.com\/de\/uber-uns\/"]}]},{"@type":"BreadcrumbList","@id":"https:\/\/apartmani-mija.com\/de\/uber-uns\/#breadcrumb","itemListElement":[{"@type":"ListItem","position":1,"name":"Home","item":"https:\/\/apartmani-mija.com\/de\/"},{"@type":"ListItem","position":2,"name":"\u00dcber uns"}]},{"@type":"WebSite","@id":"https:\/\/apartmani-mija.com\/#website","url":"https:\/\/apartmani-mija.com\/","name":"Apartmani Mija","description":"Bol Insel Bra\u010d","potentialAction":[{"@type":"SearchAction","target":{"@type":"EntryPoint","urlTemplate":"https:\/\/apartmani-mija.com\/?s={search_term_string}"},"query-input":"required name=search_term_string"}],"inLanguage":"de"}]}},"_links":{"self":[{"href":"https:\/\/apartmani-mija.com\/de\/wp-json\/wp\/v2\/pages\/258"}],"collection":[{"href":"https:\/\/apartmani-mija.com\/de\/wp-json\/wp\/v2\/pages"}],"about":[{"href":"https:\/\/apartmani-mija.com\/de\/wp-json\/wp\/v2\/types\/page"}],"author":[{"embeddable":true,"href":"https:\/\/apartmani-mija.com\/de\/wp-json\/wp\/v2\/users\/1"}],"replies":[{"embeddable":true,"href":"https:\/\/apartmani-mija.com\/de\/wp-json\/wp\/v2\/comments?post=258"}],"version-history":[{"count":7,"href":"https:\/\/apartmani-mija.com\/de\/wp-json\/wp\/v2\/pages\/258\/revisions"}],"predecessor-version":[{"id":396,"href":"https:\/\/apartmani-mija.com\/de\/wp-json\/wp\/v2\/pages\/258\/revisions\/396"}],"wp:attachment":[{"href":"https:\/\/apartmani-mija.com\/de\/wp-json\/wp\/v2\/media?parent=258"}],"curies":[{"name":"wp","href":"https:\/\/api.w.org\/{rel}","templated":true}]}}