{"id":244,"date":"2013-03-07T19:53:57","date_gmt":"2013-03-07T19:53:57","guid":{"rendered":"http:\/\/apartmani-mija.com\/?page_id=244"},"modified":"2013-03-27T09:29:52","modified_gmt":"2013-03-27T09:29:52","slug":"apartments-wohnungen-zur-miete-in-bol-croatiangen-in-bol-croatia","status":"publish","type":"page","link":"https:\/\/apartmani-mija.com\/de\/apartments-wohnungen-zur-miete-in-bol-croatiangen-in-bol-croatia\/","title":{"rendered":"Apartments"},"content":{"rendered":"<h2>Unsere Apartments<\/h2>\n<h3>Alle Apartments haben einen separaten Eingang und sind modern\u00a0 ausgestattet. Unsere G\u00e4ste haben WLAN-Internetzugang.<\/h3>\n<p>Wir hoffen, Ihnen mit unserer langj\u00e4hrigen Erfahrung in der Tourismusbranche einen angenehmen Urlaub bereiten zu k\u00f6nnen, den Sie sicher in guter Erinnerung behalten werden.<\/p>\n","protected":false},"excerpt":{"rendered":"<p>Unsere Apartments Alle Apartments haben einen separaten Eingang und sind modern\u00a0 ausgestattet. Unsere G\u00e4ste haben WLAN-Internetzugang. Wir hoffen, Ihnen mit unserer langj\u00e4hrigen Erfahrung in der Tourismusbranche einen angenehmen Urlaub bereiten zu k\u00f6nnen, den Sie sicher in guter Erinnerung behalten werden.<\/p>\n","protected":false},"author":1,"featured_media":0,"parent":0,"menu_order":1,"comment_status":"open","ping_status":"open","template":"apartments.php","meta":{"ngg_post_thumbnail":0,"footnotes":""},"yoast_head":"<!-- This site is optimized with the Yoast SEO plugin v21.9.1 - https:\/\/yoast.com\/wordpress\/plugins\/seo\/ -->\n<title>Apartments wohnungen zur Miete in Bol Croatia<\/title>\n<meta name=\"description\" content=\"Apartments wohnungen zur Miete in Bol Croatia\" \/>\n<meta name=\"robots\" content=\"index, follow, max-snippet:-1, max-image-preview:large, max-video-preview:-1\" \/>\n<link rel=\"canonical\" href=\"https:\/\/apartmani-mija.com\/de\/apartments-wohnungen-zur-miete-in-bol-croatiangen-in-bol-croatia\/\" \/>\n<meta property=\"og:locale\" content=\"de_DE\" \/>\n<meta property=\"og:type\" content=\"article\" \/>\n<meta property=\"og:title\" content=\"Apartments wohnungen zur Miete in Bol Croatia\" \/>\n<meta property=\"og:description\" content=\"Apartments wohnungen zur Miete in Bol Croatia\" \/>\n<meta property=\"og:url\" content=\"https:\/\/apartmani-mija.com\/de\/apartments-wohnungen-zur-miete-in-bol-croatiangen-in-bol-croatia\/\" \/>\n<meta property=\"og:site_name\" content=\"Apartmani Mija\" \/>\n<meta property=\"article:modified_time\" content=\"2013-03-27T09:29:52+00:00\" \/>\n<script type=\"application\/ld+json\" class=\"yoast-schema-graph\">{\"@context\":\"https:\/\/schema.org\",\"@graph\":[{\"@type\":\"WebPage\",\"@id\":\"https:\/\/apartmani-mija.com\/de\/apartments-wohnungen-zur-miete-in-bol-croatiangen-in-bol-croatia\/\",\"url\":\"https:\/\/apartmani-mija.com\/de\/apartments-wohnungen-zur-miete-in-bol-croatiangen-in-bol-croatia\/\",\"name\":\"Apartments wohnungen zur Miete in Bol Croatia\",\"isPartOf\":{\"@id\":\"https:\/\/apartmani-mija.com\/#website\"},\"datePublished\":\"2013-03-07T19:53:57+00:00\",\"dateModified\":\"2013-03-27T09:29:52+00:00\",\"description\":\"Apartments wohnungen zur Miete in Bol Croatia\",\"breadcrumb\":{\"@id\":\"https:\/\/apartmani-mija.com\/de\/apartments-wohnungen-zur-miete-in-bol-croatiangen-in-bol-croatia\/#breadcrumb\"},\"inLanguage\":\"de\",\"potentialAction\":[{\"@type\":\"ReadAction\",\"target\":[\"https:\/\/apartmani-mija.com\/de\/apartments-wohnungen-zur-miete-in-bol-croatiangen-in-bol-croatia\/\"]}]},{\"@type\":\"BreadcrumbList\",\"@id\":\"https:\/\/apartmani-mija.com\/de\/apartments-wohnungen-zur-miete-in-bol-croatiangen-in-bol-croatia\/#breadcrumb\",\"itemListElement\":[{\"@type\":\"ListItem\",\"position\":1,\"name\":\"Home\",\"item\":\"https:\/\/apartmani-mija.com\/de\/\"},{\"@type\":\"ListItem\",\"position\":2,\"name\":\"Apartments\"}]},{\"@type\":\"WebSite\",\"@id\":\"https:\/\/apartmani-mija.com\/#website\",\"url\":\"https:\/\/apartmani-mija.com\/\",\"name\":\"Apartmani Mija\",\"description\":\"Bol Insel Bra\u010d\",\"potentialAction\":[{\"@type\":\"SearchAction\",\"target\":{\"@type\":\"EntryPoint\",\"urlTemplate\":\"https:\/\/apartmani-mija.com\/?s={search_term_string}\"},\"query-input\":\"required name=search_term_string\"}],\"inLanguage\":\"de\"}]}<\/script>\n<!-- \/ Yoast SEO plugin. -->","yoast_head_json":{"title":"Apartments wohnungen zur Miete in Bol Croatia","description":"Apartments wohnungen zur Miete in Bol Croatia","robots":{"index":"index","follow":"follow","max-snippet":"max-snippet:-1","max-image-preview":"max-image-preview:large","max-video-preview":"max-video-preview:-1"},"canonical":"https:\/\/apartmani-mija.com\/de\/apartments-wohnungen-zur-miete-in-bol-croatiangen-in-bol-croatia\/","og_locale":"de_DE","og_type":"article","og_title":"Apartments wohnungen zur Miete in Bol Croatia","og_description":"Apartments wohnungen zur Miete in Bol Croatia","og_url":"https:\/\/apartmani-mija.com\/de\/apartments-wohnungen-zur-miete-in-bol-croatiangen-in-bol-croatia\/","og_site_name":"Apartmani Mija","article_modified_time":"2013-03-27T09:29:52+00:00","schema":{"@context":"https:\/\/schema.org","@graph":[{"@type":"WebPage","@id":"https:\/\/apartmani-mija.com\/de\/apartments-wohnungen-zur-miete-in-bol-croatiangen-in-bol-croatia\/","url":"https:\/\/apartmani-mija.com\/de\/apartments-wohnungen-zur-miete-in-bol-croatiangen-in-bol-croatia\/","name":"Apartments wohnungen zur Miete in Bol Croatia","isPartOf":{"@id":"https:\/\/apartmani-mija.com\/#website"},"datePublished":"2013-03-07T19:53:57+00:00","dateModified":"2013-03-27T09:29:52+00:00","description":"Apartments wohnungen zur Miete in Bol Croatia","breadcrumb":{"@id":"https:\/\/apartmani-mija.com\/de\/apartments-wohnungen-zur-miete-in-bol-croatiangen-in-bol-croatia\/#breadcrumb"},"inLanguage":"de","potentialAction":[{"@type":"ReadAction","target":["https:\/\/apartmani-mija.com\/de\/apartments-wohnungen-zur-miete-in-bol-croatiangen-in-bol-croatia\/"]}]},{"@type":"BreadcrumbList","@id":"https:\/\/apartmani-mija.com\/de\/apartments-wohnungen-zur-miete-in-bol-croatiangen-in-bol-croatia\/#breadcrumb","itemListElement":[{"@type":"ListItem","position":1,"name":"Home","item":"https:\/\/apartmani-mija.com\/de\/"},{"@type":"ListItem","position":2,"name":"Apartments"}]},{"@type":"WebSite","@id":"https:\/\/apartmani-mija.com\/#website","url":"https:\/\/apartmani-mija.com\/","name":"Apartmani Mija","description":"Bol Insel Bra\u010d","potentialAction":[{"@type":"SearchAction","target":{"@type":"EntryPoint","urlTemplate":"https:\/\/apartmani-mija.com\/?s={search_term_string}"},"query-input":"required name=search_term_string"}],"inLanguage":"de"}]}},"_links":{"self":[{"href":"https:\/\/apartmani-mija.com\/de\/wp-json\/wp\/v2\/pages\/244"}],"collection":[{"href":"https:\/\/apartmani-mija.com\/de\/wp-json\/wp\/v2\/pages"}],"about":[{"href":"https:\/\/apartmani-mija.com\/de\/wp-json\/wp\/v2\/types\/page"}],"author":[{"embeddable":true,"href":"https:\/\/apartmani-mija.com\/de\/wp-json\/wp\/v2\/users\/1"}],"replies":[{"embeddable":true,"href":"https:\/\/apartmani-mija.com\/de\/wp-json\/wp\/v2\/comments?post=244"}],"version-history":[{"count":5,"href":"https:\/\/apartmani-mija.com\/de\/wp-json\/wp\/v2\/pages\/244\/revisions"}],"predecessor-version":[{"id":296,"href":"https:\/\/apartmani-mija.com\/de\/wp-json\/wp\/v2\/pages\/244\/revisions\/296"}],"wp:attachment":[{"href":"https:\/\/apartmani-mija.com\/de\/wp-json\/wp\/v2\/media?parent=244"}],"curies":[{"name":"wp","href":"https:\/\/api.w.org\/{rel}","templated":true}]}}